{"id":924,"date":"2023-10-20T12:14:05","date_gmt":"2023-10-20T12:14:05","guid":{"rendered":"https:\/\/devpek.ca\/carriere\/"},"modified":"2025-12-01T13:51:17","modified_gmt":"2025-12-01T13:51:17","slug":"careers","status":"publish","type":"page","link":"https:\/\/devpek.ca\/en\/careers\/","title":{"rendered":"Careers"},"content":{"rendered":"","protected":false},"excerpt":{"rendered":"","protected":false},"author":1,"featured_media":0,"parent":0,"menu_order":0,"comment_status":"closed","ping_status":"closed","template":"Template-Carriere.php","meta":{"footnotes":""},"class_list":["post-924","page","type-page","status-publish","hentry"],"acf":[],"yoast_head":"<!-- This site is optimized with the Yoast SEO plugin v27.4 - https:\/\/yoast.com\/product\/yoast-seo-wordpress\/ -->\n<title>Careers - D\u00e9veloppement PEK<\/title>\n<meta name=\"description\" content=\"Regroupe une \u00e9quipe multidisciplinaire dans des domaines tr\u00e8s vari\u00e9s comme l\u2019administration, le d\u00e9veloppement de projets, etc.\" \/>\n<meta name=\"robots\" content=\"index, follow, max-snippet:-1, max-image-preview:large, max-video-preview:-1\" \/>\n<link rel=\"canonical\" href=\"https:\/\/devpek.ca\/en\/careers\/\" \/>\n<meta property=\"og:locale\" content=\"en_US\" \/>\n<meta property=\"og:type\" content=\"article\" \/>\n<meta property=\"og:title\" content=\"Careers - D\u00e9veloppement PEK\" \/>\n<meta property=\"og:description\" content=\"Regroupe une \u00e9quipe multidisciplinaire dans des domaines tr\u00e8s vari\u00e9s comme l\u2019administration, le d\u00e9veloppement de projets, etc.\" \/>\n<meta property=\"og:url\" content=\"https:\/\/devpek.ca\/en\/careers\/\" \/>\n<meta property=\"og:site_name\" content=\"D\u00e9veloppement PEK\" \/>\n<meta property=\"article:publisher\" content=\"https:\/\/www.facebook.com\/developpementpek\" \/>\n<meta property=\"article:modified_time\" content=\"2025-12-01T13:51:17+00:00\" \/>\n<meta property=\"og:image\" content=\"https:\/\/devpek.ca\/wp-content\/uploads\/2023\/10\/cropped-Fichier-1-2.png\" \/>\n\t<meta property=\"og:image:width\" content=\"512\" \/>\n\t<meta property=\"og:image:height\" content=\"512\" \/>\n\t<meta property=\"og:image:type\" content=\"image\/png\" \/>\n<meta name=\"twitter:card\" content=\"summary_large_image\" \/>\n<script type=\"application\/ld+json\" class=\"yoast-schema-graph\">{\"@context\":\"https:\\\/\\\/schema.org\",\"@graph\":[{\"@type\":\"WebPage\",\"@id\":\"https:\\\/\\\/devpek.ca\\\/en\\\/careers\\\/\",\"url\":\"https:\\\/\\\/devpek.ca\\\/en\\\/careers\\\/\",\"name\":\"Careers - D\u00e9veloppement PEK\",\"isPartOf\":{\"@id\":\"https:\\\/\\\/devpek.ca\\\/#website\"},\"datePublished\":\"2023-10-20T12:14:05+00:00\",\"dateModified\":\"2025-12-01T13:51:17+00:00\",\"description\":\"Regroupe une \u00e9quipe multidisciplinaire dans des domaines tr\u00e8s vari\u00e9s comme l\u2019administration, le d\u00e9veloppement de projets, etc.\",\"breadcrumb\":{\"@id\":\"https:\\\/\\\/devpek.ca\\\/en\\\/careers\\\/#breadcrumb\"},\"inLanguage\":\"en-US\",\"potentialAction\":[{\"@type\":\"ReadAction\",\"target\":[\"https:\\\/\\\/devpek.ca\\\/en\\\/careers\\\/\"]}]},{\"@type\":\"BreadcrumbList\",\"@id\":\"https:\\\/\\\/devpek.ca\\\/en\\\/careers\\\/#breadcrumb\",\"itemListElement\":[{\"@type\":\"ListItem\",\"position\":1,\"name\":\"Accueil\",\"item\":\"https:\\\/\\\/devpek.ca\\\/en\\\/\"},{\"@type\":\"ListItem\",\"position\":2,\"name\":\"Careers\"}]},{\"@type\":\"WebSite\",\"@id\":\"https:\\\/\\\/devpek.ca\\\/#website\",\"url\":\"https:\\\/\\\/devpek.ca\\\/\",\"name\":\"D\u00e9veloppement PEK\",\"description\":\"Notre \u00e9nergie fait la diff\u00e9rence.\",\"publisher\":{\"@id\":\"https:\\\/\\\/devpek.ca\\\/#organization\"},\"potentialAction\":[{\"@type\":\"SearchAction\",\"target\":{\"@type\":\"EntryPoint\",\"urlTemplate\":\"https:\\\/\\\/devpek.ca\\\/?s={search_term_string}\"},\"query-input\":{\"@type\":\"PropertyValueSpecification\",\"valueRequired\":true,\"valueName\":\"search_term_string\"}}],\"inLanguage\":\"en-US\"},{\"@type\":\"Organization\",\"@id\":\"https:\\\/\\\/devpek.ca\\\/#organization\",\"name\":\"D\u00e9vekoppement PEK\",\"url\":\"https:\\\/\\\/devpek.ca\\\/\",\"logo\":{\"@type\":\"ImageObject\",\"inLanguage\":\"en-US\",\"@id\":\"https:\\\/\\\/devpek.ca\\\/#\\\/schema\\\/logo\\\/image\\\/\",\"url\":\"https:\\\/\\\/devpek.ca\\\/wp-content\\\/uploads\\\/2023\\\/10\\\/cropped-Fichier-1-2.png\",\"contentUrl\":\"https:\\\/\\\/devpek.ca\\\/wp-content\\\/uploads\\\/2023\\\/10\\\/cropped-Fichier-1-2.png\",\"width\":512,\"height\":512,\"caption\":\"D\u00e9vekoppement PEK\"},\"image\":{\"@id\":\"https:\\\/\\\/devpek.ca\\\/#\\\/schema\\\/logo\\\/image\\\/\"},\"sameAs\":[\"https:\\\/\\\/www.facebook.com\\\/developpementpek\",\"https:\\\/\\\/www.linkedin.com\\\/company\\\/developpement-pek\",\"https:\\\/\\\/www.youtube.com\\\/@developpementpek\"]}]}<\/script>\n<!-- \/ Yoast SEO plugin. -->","yoast_head_json":{"title":"Careers - D\u00e9veloppement PEK","description":"Regroupe une \u00e9quipe multidisciplinaire dans des domaines tr\u00e8s vari\u00e9s comme l\u2019administration, le d\u00e9veloppement de projets, etc.","robots":{"index":"index","follow":"follow","max-snippet":"max-snippet:-1","max-image-preview":"max-image-preview:large","max-video-preview":"max-video-preview:-1"},"canonical":"https:\/\/devpek.ca\/en\/careers\/","og_locale":"en_US","og_type":"article","og_title":"Careers - D\u00e9veloppement PEK","og_description":"Regroupe une \u00e9quipe multidisciplinaire dans des domaines tr\u00e8s vari\u00e9s comme l\u2019administration, le d\u00e9veloppement de projets, etc.","og_url":"https:\/\/devpek.ca\/en\/careers\/","og_site_name":"D\u00e9veloppement PEK","article_publisher":"https:\/\/www.facebook.com\/developpementpek","article_modified_time":"2025-12-01T13:51:17+00:00","og_image":[{"width":512,"height":512,"url":"https:\/\/devpek.ca\/wp-content\/uploads\/2023\/10\/cropped-Fichier-1-2.png","type":"image\/png"}],"twitter_card":"summary_large_image","schema":{"@context":"https:\/\/schema.org","@graph":[{"@type":"WebPage","@id":"https:\/\/devpek.ca\/en\/careers\/","url":"https:\/\/devpek.ca\/en\/careers\/","name":"Careers - D\u00e9veloppement PEK","isPartOf":{"@id":"https:\/\/devpek.ca\/#website"},"datePublished":"2023-10-20T12:14:05+00:00","dateModified":"2025-12-01T13:51:17+00:00","description":"Regroupe une \u00e9quipe multidisciplinaire dans des domaines tr\u00e8s vari\u00e9s comme l\u2019administration, le d\u00e9veloppement de projets, etc.","breadcrumb":{"@id":"https:\/\/devpek.ca\/en\/careers\/#breadcrumb"},"inLanguage":"en-US","potentialAction":[{"@type":"ReadAction","target":["https:\/\/devpek.ca\/en\/careers\/"]}]},{"@type":"BreadcrumbList","@id":"https:\/\/devpek.ca\/en\/careers\/#breadcrumb","itemListElement":[{"@type":"ListItem","position":1,"name":"Accueil","item":"https:\/\/devpek.ca\/en\/"},{"@type":"ListItem","position":2,"name":"Careers"}]},{"@type":"WebSite","@id":"https:\/\/devpek.ca\/#website","url":"https:\/\/devpek.ca\/","name":"D\u00e9veloppement PEK","description":"Notre \u00e9nergie fait la diff\u00e9rence.","publisher":{"@id":"https:\/\/devpek.ca\/#organization"},"potentialAction":[{"@type":"SearchAction","target":{"@type":"EntryPoint","urlTemplate":"https:\/\/devpek.ca\/?s={search_term_string}"},"query-input":{"@type":"PropertyValueSpecification","valueRequired":true,"valueName":"search_term_string"}}],"inLanguage":"en-US"},{"@type":"Organization","@id":"https:\/\/devpek.ca\/#organization","name":"D\u00e9vekoppement PEK","url":"https:\/\/devpek.ca\/","logo":{"@type":"ImageObject","inLanguage":"en-US","@id":"https:\/\/devpek.ca\/#\/schema\/logo\/image\/","url":"https:\/\/devpek.ca\/wp-content\/uploads\/2023\/10\/cropped-Fichier-1-2.png","contentUrl":"https:\/\/devpek.ca\/wp-content\/uploads\/2023\/10\/cropped-Fichier-1-2.png","width":512,"height":512,"caption":"D\u00e9vekoppement PEK"},"image":{"@id":"https:\/\/devpek.ca\/#\/schema\/logo\/image\/"},"sameAs":["https:\/\/www.facebook.com\/developpementpek","https:\/\/www.linkedin.com\/company\/developpement-pek","https:\/\/www.youtube.com\/@developpementpek"]}]}},"_links":{"self":[{"href":"https:\/\/devpek.ca\/en\/wp-json\/wp\/v2\/pages\/924","targetHints":{"allow":["GET"]}}],"collection":[{"href":"https:\/\/devpek.ca\/en\/wp-json\/wp\/v2\/pages"}],"about":[{"href":"https:\/\/devpek.ca\/en\/wp-json\/wp\/v2\/types\/page"}],"author":[{"embeddable":true,"href":"https:\/\/devpek.ca\/en\/wp-json\/wp\/v2\/users\/1"}],"replies":[{"embeddable":true,"href":"https:\/\/devpek.ca\/en\/wp-json\/wp\/v2\/comments?post=924"}],"version-history":[{"count":6,"href":"https:\/\/devpek.ca\/en\/wp-json\/wp\/v2\/pages\/924\/revisions"}],"predecessor-version":[{"id":1329,"href":"https:\/\/devpek.ca\/en\/wp-json\/wp\/v2\/pages\/924\/revisions\/1329"}],"wp:attachment":[{"href":"https:\/\/devpek.ca\/en\/wp-json\/wp\/v2\/media?parent=924"}],"curies":[{"name":"wp","href":"https:\/\/api.w.org\/{rel}","templated":true}]}}